{"id":2024,"date":"2020-02-20T17:05:12","date_gmt":"2020-02-20T17:05:12","guid":{"rendered":"http:\/\/www.arcovacanze.it\/?page_id=2024\/"},"modified":"2022-01-27T14:35:16","modified_gmt":"2022-01-27T14:35:16","slug":"dienstleistungen","status":"publish","type":"page","link":"https:\/\/www.arcovacanze.it\/de\/dienstleistungen\/","title":{"rendered":"Dienstleistungen"},"content":{"rendered":"<div class=\"fusion-fullwidth fullwidth-box fusion-fullwidth-1  fusion-parallax-none nonhundred-percent-fullwidth\" style=\"border-color:#eae9e9;border-bottom-width: 0px;border-top-width: 0px;border-bottom-style: solid;border-top-style: solid;padding-bottom:20px;padding-top:20px;padding-left:;padding-right:;background-color:rgba(255,255,255,0);\"><style type=\"text\/css\" scoped=\"scoped\">.fusion-fullwidth-1 {\n                            padding-left: px !important;\n                            padding-right: px !important;\n                        }<\/style><div class=\"fusion-row\"><div class=\"fusion-title title fusion-sep-none fusion-title-size-one\" style=\"margin-top:0px;margin-bottom:20px;\"><h1 class=\"title-heading-left\">Dienstleistungen<\/h1><\/div><p>Unsere <strong>Mansarden<\/strong> verf\u00fcgen \u00fcber eine Gas Kochplatte.<\/p>\n<p>Unsere <strong>Zwei-zimmer Wohnungen<\/strong> als auch unsere<strong> Suites<\/strong> Apartments verf\u00fcgen \u00fcber eine Induktion Kochherd.<\/p>\n<p>Alle Wohnungen sind wie folgt ausgestattet :<\/p>\n<ul>\n<li>Sp\u00fclmaschine<\/li>\n<li>K\u00fchlschrank<\/li>\n<li>Mikrowelle<\/li>\n<li>Melitta Filter Kaffeemaschine<\/li>\n<li>Wasserkocher<\/li>\n<li>Toaster<\/li>\n<li>Geschirr,\u00a0T\u00f6pfe und\u00a0Besteck (auch Moka apparat)<\/li>\n<li>K\u00fcche-w\u00e4sche, Geschirr Seife und Sp\u00fclmaschine Tabs<\/li>\n<li>Bettw\u00e4sche\u00a0und Handt\u00fccher<\/li>\n<li>Waschmaschine mit Waschpulver<\/li>\n<li>Haartrockner<\/li>\n<li>SAT-Fernseher<\/li>\n<li>Klimaanlage und unabh\u00e4ngige Heizungsystem<\/li>\n<li>Safe<\/li>\n<\/ul>\n<p><strong>INKLUSIVE LEISTUNGEN<\/strong><\/p>\n<ul>\n<li>Gym \/ Climbing Zone<\/li>\n<li>Parkplatz<\/li>\n<li>Grillstelle mit Tisch und B\u00e4nke<\/li>\n<li>Kostenloser WLAN Internet-Zugang<\/li>\n<li>B\u00fcgeleisen und B\u00fcgelbrett<\/li>\n<li>Gesperrtes Abstellraum f\u00fcr Fahrr\u00e4der und Surfbretten<\/li>\n<li>Citybikes zum leihen auf Anfrage und je nach Verf\u00fcgbarkeit (Nutzung auf eigene Verantwortung -keine Haftung)<\/li>\n<\/ul>\n<p>&nbsp;<\/p>\n<p>Kinder sind willkommen.- Bis zu 3 Jahren zahlt \u20ac10,00 pro Nacht (Krippe- Babybettchen).- Ein \u00e4lteres Kind oder Erwachsener im Zustellbett zahlt \u20ac15,00 pro Person\/Nacht .- Die maximale Anzahl an Kinderbetten betr\u00e4gt 2. Ankunfts zeit Check-in von 14:00 bis 20:00 Uhr Check-out zwischen 08:00 und 10:00 Uhr Tiere: \u20ac10,00 pro Tag.<\/p>\n<p>Bitte im voraus, w\u00e4hrend eurer\u00a0 Reservierung, benachrichtigen<\/p>\n<p><strong>KOSTENPFLICHTIGE LEISTUNGEN<\/strong>\u00a0 (nach Anfrage)<\/p>\n<ul>\n<li>Fr\u00fchst\u00fcck 5,00 \u20ac pro Person<\/li>\n<li>Extra Reinigung Service 25,00 \u20ac pro Dienst<\/li>\n<li>Extra Wechsel von Bettw\u00e4sche und Handt\u00fccher \u20ac 5,00 pro Person<\/li>\n<li>Haustiere sind willkommen , wir werden f\u00fcr sie\u00a0 \u20ac 10,00 pro Tag berechnen ( Bitte im voraus, w\u00e4hrend eurer\u00a0 Reservierung, benachrichtigen)<\/li>\n<\/ul>\n<\/div><\/div>\n","protected":false},"excerpt":{"rendered":"","protected":false},"author":1,"featured_media":0,"parent":0,"menu_order":0,"comment_status":"closed","ping_status":"closed","template":"","meta":{"ngg_post_thumbnail":0,"footnotes":""},"class_list":["post-2024","page","type-page","status-publish","hentry"],"_links":{"self":[{"href":"https:\/\/www.arcovacanze.it\/de\/wp-json\/wp\/v2\/pages\/2024","targetHints":{"allow":["GET"]}}],"collection":[{"href":"https:\/\/www.arcovacanze.it\/de\/wp-json\/wp\/v2\/pages"}],"about":[{"href":"https:\/\/www.arcovacanze.it\/de\/wp-json\/wp\/v2\/types\/page"}],"author":[{"embeddable":true,"href":"https:\/\/www.arcovacanze.it\/de\/wp-json\/wp\/v2\/users\/1"}],"replies":[{"embeddable":true,"href":"https:\/\/www.arcovacanze.it\/de\/wp-json\/wp\/v2\/comments?post=2024"}],"version-history":[{"count":8,"href":"https:\/\/www.arcovacanze.it\/de\/wp-json\/wp\/v2\/pages\/2024\/revisions"}],"predecessor-version":[{"id":2494,"href":"https:\/\/www.arcovacanze.it\/de\/wp-json\/wp\/v2\/pages\/2024\/revisions\/2494"}],"wp:attachment":[{"href":"https:\/\/www.arcovacanze.it\/de\/wp-json\/wp\/v2\/media?parent=2024"}],"curies":[{"name":"wp","href":"https:\/\/api.w.org\/{rel}","templated":true}]}}